{"id":1249,"date":"2022-07-06T00:51:54","date_gmt":"2022-07-06T03:51:54","guid":{"rendered":"http:\/\/ferreirarocha.com.br\/?page_id=1249"},"modified":"2023-10-25T23:06:32","modified_gmt":"2023-10-26T02:06:32","slug":"diretoria","status":"publish","type":"page","link":"https:\/\/ferreirarocha.com.br\/en\/diretoria\/","title":{"rendered":"Diretoria"},"content":{"rendered":"\t\t<div data-elementor-type=\"wp-page\" data-elementor-id=\"1249\" class=\"elementor elementor-1249\">\n\t\t\t\t\t\t\t\t\t<section class=\"elementor-section elementor-top-section elementor-element elementor-element-a72b88a elementor-section-full_width elementor-section-stretched elementor-section-height-default elementor-section-height-default\" data-id=\"a72b88a\" data-element_type=\"section\" data-settings=\"{&quot;stretch_section&quot;:&quot;section-stretched&quot;,&quot;background_background&quot;:&quot;classic&quot;,&quot;shape_divider_bottom&quot;:&quot;opacity-tilt&quot;}\">\n\t\t\t\t\t\t\t<div class=\"elementor-background-overlay\"><\/div>\n\t\t\t\t\t\t<div class=\"elementor-shape elementor-shape-bottom\" data-negative=\"false\">\n\t\t\t<svg xmlns=\"http:\/\/www.w3.org\/2000\/svg\" viewBox=\"0 0 2600 131.1\" preserveAspectRatio=\"none\">\n\t<path class=\"elementor-shape-fill\" d=\"M0 0L2600 0 2600 69.1 0 0z\"\/>\n\t<path class=\"elementor-shape-fill\" style=\"opacity:0.5\" d=\"M0 0L2600 0 2600 69.1 0 69.1z\"\/>\n\t<path class=\"elementor-shape-fill\" style=\"opacity:0.25\" d=\"M2600 0L0 0 0 130.1 2600 69.1z\"\/>\n<\/svg>\t\t<\/div>\n\t\t\t\t\t<div class=\"elementor-container elementor-column-gap-default\">\n\t\t\t\t\t<div class=\"elementor-column elementor-col-100 elementor-top-column elementor-element elementor-element-67831e6\" data-id=\"67831e6\" data-element_type=\"column\">\n\t\t\t<div class=\"elementor-widget-wrap elementor-element-populated\">\n\t\t\t\t\t\t\t\t<div class=\"elementor-element elementor-element-5cd7313 elementor-widget elementor-widget-writing-effect-headline\" data-id=\"5cd7313\" data-element_type=\"widget\" data-widget_type=\"writing-effect-headline.default\">\n\t\t\t\t<div class=\"elementor-widget-container\">\n\t\t\t        <h3 class=\"futurio-extra-written-headline\" data-speed=\"110\" data-delay=\"2500\" data-loop=\"1\">\r\n                    <span class=\"before-written\">BOARD OF DIRECTORS<\/span>\r\n        \r\n        \r\n                <\/h3>\r\n        \t\t<\/div>\n\t\t\t\t<\/div>\n\t\t\t\t<section class=\"elementor-section elementor-inner-section elementor-element elementor-element-08ffa26 elementor-section-boxed elementor-section-height-default elementor-section-height-default\" data-id=\"08ffa26\" data-element_type=\"section\">\n\t\t\t\t\t\t\t<div class=\"elementor-background-overlay\"><\/div>\n\t\t\t\t\t\t\t<div class=\"elementor-container elementor-column-gap-default\">\n\t\t\t\t\t<div class=\"elementor-column elementor-col-50 elementor-inner-column elementor-element elementor-element-2b81c63\" data-id=\"2b81c63\" data-element_type=\"column\">\n\t\t\t<div class=\"elementor-widget-wrap elementor-element-populated\">\n\t\t\t\t\t\t\t\t<div class=\"elementor-element elementor-element-c98fd5d elementor-widget elementor-widget-image\" data-id=\"c98fd5d\" data-element_type=\"widget\" data-widget_type=\"image.default\">\n\t\t\t\t<div class=\"elementor-widget-container\">\n\t\t\t<style>\/*! elementor - v3.15.0 - 09-08-2023 *\/\n.elementor-widget-image{text-align:center}.elementor-widget-image a{display:inline-block}.elementor-widget-image a img[src$=\".svg\"]{width:48px}.elementor-widget-image img{vertical-align:middle;display:inline-block}<\/style>\t\t\t\t\t\t\t\t\t\t\t\t<img loading=\"lazy\" decoding=\"async\" width=\"768\" height=\"1152\" src=\"https:\/\/ferreirarocha.com.br\/en\/wp-content\/uploads\/2022\/07\/FOTO-DELFIM-768x1152.jpg\" class=\"attachment-medium_large size-medium_large wp-image-1257\" alt=\"\" srcset=\"https:\/\/ferreirarocha.com.br\/en\/wp-content\/uploads\/2022\/07\/FOTO-DELFIM-768x1152.jpg 768w, https:\/\/ferreirarocha.com.br\/en\/wp-content\/uploads\/2022\/07\/FOTO-DELFIM-200x300.jpg 200w, https:\/\/ferreirarocha.com.br\/en\/wp-content\/uploads\/2022\/07\/FOTO-DELFIM-683x1024.jpg 683w, https:\/\/ferreirarocha.com.br\/en\/wp-content\/uploads\/2022\/07\/FOTO-DELFIM-1024x1536.jpg 1024w, https:\/\/ferreirarocha.com.br\/en\/wp-content\/uploads\/2022\/07\/FOTO-DELFIM.jpg 1120w\" sizes=\"auto, (max-width: 768px) 100vw, 768px\" \/>\t\t\t\t\t\t\t\t\t\t\t\t\t\t\t<\/div>\n\t\t\t\t<\/div>\n\t\t\t\t\t<\/div>\n\t\t<\/div>\n\t\t\t\t<div class=\"elementor-column elementor-col-50 elementor-inner-column elementor-element elementor-element-2883d99\" data-id=\"2883d99\" data-element_type=\"column\" data-settings=\"{&quot;background_background&quot;:&quot;classic&quot;}\">\n\t\t\t<div class=\"elementor-widget-wrap elementor-element-populated\">\n\t\t\t\t\t<div class=\"elementor-background-overlay\"><\/div>\n\t\t\t\t\t\t\t\t<div class=\"elementor-element elementor-element-3e60efb text-center elementor-widget elementor-widget-advanced-text-block\" data-id=\"3e60efb\" data-element_type=\"widget\" data-widget_type=\"advanced-text-block.default\">\n\t\t\t\t<div class=\"elementor-widget-container\">\n\t\t\t<div class=\"futurio_extra_adv_text_block \" ><h2 class=\"text-content-block\"><p style=\"text-align: left\"><strong><em>Delfim Jos\u00e9 Leite Rocha<\/em><\/strong><\/p><\/div><\/h2>\t\t<\/div>\n\t\t\t\t<\/div>\n\t\t\t\t<div class=\"elementor-element elementor-element-e0b19de elementor-widget elementor-widget-advanced-text-block\" data-id=\"e0b19de\" data-element_type=\"widget\" data-widget_type=\"advanced-text-block.default\">\n\t\t\t\t<div class=\"elementor-widget-container\">\n\t\t\t<div class=\"futurio_extra_adv_text_block \" ><div class=\"text-content-block\"><p>Co-founder and Chief Executive Officer<\/p><p>He holds a degree in Civil\/Geotechnical Engineering from the Federal University of Rio de Janeiro (UFRJ) and has specializations from COOPE\/UFRJ, Funda\u00e7\u00e3o Dom Cabral (FDC) in Economic Engineering, PUC\/RJ in Business Administration and Funda\u00e7\u00e3o Get\u00falio Vargas (FGV\/EAESP) with a Master's degrees in Sustainability (FGV\/EAESP) and in Soil Mechanics (FGV\/EAESP).<\/p><p>He has previously worked in major consulting companies in the fields of mining, engineering, aluminum rolling and recycling, and hydroelectric energy generation.<\/p><p>Delfim began his journey at Ferreira Rocha (FR) in early 2009 as a co-founder. His work routine goes beyond the strategic, commercial, and administrative responsibilities of his position: he also serves as an internal technical consultant and overall coordinator for projects of greater strategic complexity.<\/p><\/div><\/div>\t\t<\/div>\n\t\t\t\t<\/div>\n\t\t\t\t\t<\/div>\n\t\t<\/div>\n\t\t\t\t\t\t\t<\/div>\n\t\t<\/section>\n\t\t\t\t<section class=\"elementor-section elementor-inner-section elementor-element elementor-element-a8500f2 elementor-section-boxed elementor-section-height-default elementor-section-height-default\" data-id=\"a8500f2\" data-element_type=\"section\">\n\t\t\t\t\t\t<div class=\"elementor-container elementor-column-gap-default\">\n\t\t\t\t\t<div class=\"elementor-column elementor-col-50 elementor-inner-column elementor-element elementor-element-ff1901f\" data-id=\"ff1901f\" data-element_type=\"column\" data-settings=\"{&quot;background_background&quot;:&quot;classic&quot;}\">\n\t\t\t<div class=\"elementor-widget-wrap elementor-element-populated\">\n\t\t\t\t\t<div class=\"elementor-background-overlay\"><\/div>\n\t\t\t\t\t\t\t\t<div class=\"elementor-element elementor-element-39edec1 text-center elementor-widget elementor-widget-advanced-text-block\" data-id=\"39edec1\" data-element_type=\"widget\" data-widget_type=\"advanced-text-block.default\">\n\t\t\t\t<div class=\"elementor-widget-container\">\n\t\t\t<div class=\"futurio_extra_adv_text_block \" ><h2 class=\"text-content-block\"><p style=\"text-align: left\"><strong><em>Thiago de Alencar Silva<\/em><\/strong><\/p><\/div><\/h2>\t\t<\/div>\n\t\t\t\t<\/div>\n\t\t\t\t<div class=\"elementor-element elementor-element-9fb2d8b elementor-widget elementor-widget-advanced-text-block\" data-id=\"9fb2d8b\" data-element_type=\"widget\" data-widget_type=\"advanced-text-block.default\">\n\t\t\t\t<div class=\"elementor-widget-container\">\n\t\t\t<div class=\"futurio_extra_adv_text_block \" ><div class=\"text-content-block\"><p>Technical Director<\/p><p>He holds a bachelor's and teaching degree in Geography from the Federal University of Espirito Santo (UFES), a master's and doctoral degree in Geography from UFMG, a Master of Business Administration (MBA) in Strategic Project Management from Centro Universit\u00e1rio UNA, and a specialization in Leadership and Coaching from Estacio de S\u00e1 University Currently, he is responsible for overseeing the Technical Management of Ferreira Rocha\u00b4s portfolio, focusing on meeting client needs, quality, and accuracy in project execution, providing guidance to the technical team at the Belo Horizonte office.<\/p><\/div><\/div>\t\t<\/div>\n\t\t\t\t<\/div>\n\t\t\t\t\t<\/div>\n\t\t<\/div>\n\t\t\t\t<div class=\"elementor-column elementor-col-50 elementor-inner-column elementor-element elementor-element-cf11b9c\" data-id=\"cf11b9c\" data-element_type=\"column\">\n\t\t\t<div class=\"elementor-widget-wrap elementor-element-populated\">\n\t\t\t\t\t\t\t\t<div class=\"elementor-element elementor-element-cf75c15 elementor-widget elementor-widget-image\" data-id=\"cf75c15\" data-element_type=\"widget\" data-widget_type=\"image.default\">\n\t\t\t\t<div class=\"elementor-widget-container\">\n\t\t\t\t\t\t\t\t\t\t\t\t\t\t\t<img loading=\"lazy\" decoding=\"async\" width=\"768\" height=\"1080\" src=\"https:\/\/ferreirarocha.com.br\/en\/wp-content\/uploads\/2022\/07\/FOTO-THIAGO-768x1080.jpeg\" class=\"attachment-medium_large size-medium_large wp-image-1255\" alt=\"\" srcset=\"https:\/\/ferreirarocha.com.br\/en\/wp-content\/uploads\/2022\/07\/FOTO-THIAGO-768x1080.jpeg 768w, https:\/\/ferreirarocha.com.br\/en\/wp-content\/uploads\/2022\/07\/FOTO-THIAGO-213x300.jpeg 213w, https:\/\/ferreirarocha.com.br\/en\/wp-content\/uploads\/2022\/07\/FOTO-THIAGO-728x1024.jpeg 728w, https:\/\/ferreirarocha.com.br\/en\/wp-content\/uploads\/2022\/07\/FOTO-THIAGO.jpeg 910w\" sizes=\"auto, (max-width: 768px) 100vw, 768px\" \/>\t\t\t\t\t\t\t\t\t\t\t\t\t\t\t<\/div>\n\t\t\t\t<\/div>\n\t\t\t\t\t<\/div>\n\t\t<\/div>\n\t\t\t\t\t\t\t<\/div>\n\t\t<\/section>\n\t\t\t\t<section class=\"elementor-section elementor-inner-section elementor-element elementor-element-d9ba75c elementor-section-boxed elementor-section-height-default elementor-section-height-default\" data-id=\"d9ba75c\" data-element_type=\"section\">\n\t\t\t\t\t\t\t<div class=\"elementor-background-overlay\"><\/div>\n\t\t\t\t\t\t\t<div class=\"elementor-container elementor-column-gap-default\">\n\t\t\t\t\t<div class=\"elementor-column elementor-col-50 elementor-inner-column elementor-element elementor-element-1496d72\" data-id=\"1496d72\" data-element_type=\"column\">\n\t\t\t<div class=\"elementor-widget-wrap elementor-element-populated\">\n\t\t\t\t\t\t\t\t<div class=\"elementor-element elementor-element-5e03725 elementor-widget elementor-widget-image\" data-id=\"5e03725\" data-element_type=\"widget\" data-widget_type=\"image.default\">\n\t\t\t\t<div class=\"elementor-widget-container\">\n\t\t\t\t\t\t\t\t\t\t\t\t\t\t\t<img loading=\"lazy\" decoding=\"async\" width=\"768\" height=\"1152\" src=\"https:\/\/ferreirarocha.com.br\/en\/wp-content\/uploads\/2022\/07\/FOTO-THOMAZ-768x1152.jpeg\" class=\"attachment-medium_large size-medium_large wp-image-1256\" alt=\"\" srcset=\"https:\/\/ferreirarocha.com.br\/en\/wp-content\/uploads\/2022\/07\/FOTO-THOMAZ-768x1152.jpeg 768w, https:\/\/ferreirarocha.com.br\/en\/wp-content\/uploads\/2022\/07\/FOTO-THOMAZ-200x300.jpeg 200w, https:\/\/ferreirarocha.com.br\/en\/wp-content\/uploads\/2022\/07\/FOTO-THOMAZ-682x1024.jpeg 682w, https:\/\/ferreirarocha.com.br\/en\/wp-content\/uploads\/2022\/07\/FOTO-THOMAZ.jpeg 853w\" sizes=\"auto, (max-width: 768px) 100vw, 768px\" \/>\t\t\t\t\t\t\t\t\t\t\t\t\t\t\t<\/div>\n\t\t\t\t<\/div>\n\t\t\t\t\t<\/div>\n\t\t<\/div>\n\t\t\t\t<div class=\"elementor-column elementor-col-50 elementor-inner-column elementor-element elementor-element-92e81ed\" data-id=\"92e81ed\" data-element_type=\"column\" data-settings=\"{&quot;background_background&quot;:&quot;classic&quot;}\">\n\t\t\t<div class=\"elementor-widget-wrap elementor-element-populated\">\n\t\t\t\t\t<div class=\"elementor-background-overlay\"><\/div>\n\t\t\t\t\t\t\t\t<div class=\"elementor-element elementor-element-b00bf6f text-center elementor-widget elementor-widget-advanced-text-block\" data-id=\"b00bf6f\" data-element_type=\"widget\" data-widget_type=\"advanced-text-block.default\">\n\t\t\t\t<div class=\"elementor-widget-container\">\n\t\t\t<div class=\"futurio_extra_adv_text_block \" ><h2 class=\"text-content-block\"><p style=\"text-align: left\"><strong><em>Thomaz Pinheiro Costa Lage <\/em><\/strong><\/p><\/div><\/h2>\t\t<\/div>\n\t\t\t\t<\/div>\n\t\t\t\t<div class=\"elementor-element elementor-element-4348c6c elementor-widget elementor-widget-advanced-text-block\" data-id=\"4348c6c\" data-element_type=\"widget\" data-widget_type=\"advanced-text-block.default\">\n\t\t\t\t<div class=\"elementor-widget-container\">\n\t\t\t<div class=\"futurio_extra_adv_text_block \" ><div class=\"text-content-block\"><p>Business Director<\/p><p>He holds a degree in Architecture and Urbanism from the Methodist University Center Isabela Hendrix, a post-graduate degree in GSI Management from PUC Minas, a post-graduate degree in Environmental Engineering from UFMG, a post-graduate degree in Project Management and in Business Management from IETC, and a Master's degree in Environment and Sustainability, Urbanism and Environment from the Universitat Politecnica de Catalunya (UCP).<\/p><p>Currently, as Ferreira Rochas's New Business Director, he is responsible for specifying technical and managerial solutions to meet the strategic needs of various productive sectors and for managing and expanding the customer network.<\/p><\/div><\/div>\t\t<\/div>\n\t\t\t\t<\/div>\n\t\t\t\t\t<\/div>\n\t\t<\/div>\n\t\t\t\t\t\t\t<\/div>\n\t\t<\/section>\n\t\t\t\t<section class=\"elementor-section elementor-inner-section elementor-element elementor-element-e1fb29f elementor-section-boxed elementor-section-height-default elementor-section-height-default\" data-id=\"e1fb29f\" data-element_type=\"section\">\n\t\t\t\t\t\t<div class=\"elementor-container elementor-column-gap-default\">\n\t\t\t\t\t<div class=\"elementor-column elementor-col-50 elementor-inner-column elementor-element elementor-element-3cffda4\" data-id=\"3cffda4\" data-element_type=\"column\" data-settings=\"{&quot;background_background&quot;:&quot;classic&quot;}\">\n\t\t\t<div class=\"elementor-widget-wrap elementor-element-populated\">\n\t\t\t\t\t<div class=\"elementor-background-overlay\"><\/div>\n\t\t\t\t\t\t\t\t<div class=\"elementor-element elementor-element-d671a61 text-center elementor-widget elementor-widget-advanced-text-block\" data-id=\"d671a61\" data-element_type=\"widget\" data-widget_type=\"advanced-text-block.default\">\n\t\t\t\t<div class=\"elementor-widget-container\">\n\t\t\t<div class=\"futurio_extra_adv_text_block \" ><h2 class=\"text-content-block\"><p style=\"text-align: left\"><strong><em>Nil Rocha <\/em><\/strong><\/p><\/div><\/h2>\t\t<\/div>\n\t\t\t\t<\/div>\n\t\t\t\t<div class=\"elementor-element elementor-element-a76ec09 elementor-widget elementor-widget-advanced-text-block\" data-id=\"a76ec09\" data-element_type=\"widget\" data-widget_type=\"advanced-text-block.default\">\n\t\t\t\t<div class=\"elementor-widget-container\">\n\t\t\t<div class=\"futurio_extra_adv_text_block \" ><div class=\"text-content-block\"><p>Business Partner and Administrative-Financial Director<br \/>With a degree in Business Administration, he is responsible for managing the business, ensuring transparency and ethics in the execution of internal policies, processes, and procedures, as well as the quality and professionalism in delivering services to clients.<\/p><p>He strives for valuable outcomes for the business, aiming to exceed client expectations by providing technical and strategic advisory services, fundamental principles for achieving the organization's objectives and goals.<\/p><\/div><\/div>\t\t<\/div>\n\t\t\t\t<\/div>\n\t\t\t\t\t<\/div>\n\t\t<\/div>\n\t\t\t\t<div class=\"elementor-column elementor-col-50 elementor-inner-column elementor-element elementor-element-4e38fe7\" data-id=\"4e38fe7\" data-element_type=\"column\">\n\t\t\t<div class=\"elementor-widget-wrap elementor-element-populated\">\n\t\t\t\t\t\t\t\t<div class=\"elementor-element elementor-element-75772b3 elementor-widget elementor-widget-image\" data-id=\"75772b3\" data-element_type=\"widget\" data-widget_type=\"image.default\">\n\t\t\t\t<div class=\"elementor-widget-container\">\n\t\t\t\t\t\t\t\t\t\t\t\t\t\t\t<img loading=\"lazy\" decoding=\"async\" width=\"768\" height=\"1152\" src=\"https:\/\/ferreirarocha.com.br\/en\/wp-content\/uploads\/2022\/07\/FOTO-NIL-768x1152.jpg\" class=\"attachment-medium_large size-medium_large wp-image-1254\" alt=\"\" srcset=\"https:\/\/ferreirarocha.com.br\/en\/wp-content\/uploads\/2022\/07\/FOTO-NIL-768x1152.jpg 768w, https:\/\/ferreirarocha.com.br\/en\/wp-content\/uploads\/2022\/07\/FOTO-NIL-200x300.jpg 200w, https:\/\/ferreirarocha.com.br\/en\/wp-content\/uploads\/2022\/07\/FOTO-NIL-683x1024.jpg 683w, https:\/\/ferreirarocha.com.br\/en\/wp-content\/uploads\/2022\/07\/FOTO-NIL-1024x1536.jpg 1024w, https:\/\/ferreirarocha.com.br\/en\/wp-content\/uploads\/2022\/07\/FOTO-NIL-1366x2048.jpg 1366w, https:\/\/ferreirarocha.com.br\/en\/wp-content\/uploads\/2022\/07\/FOTO-NIL-scaled.jpg 1707w\" sizes=\"auto, (max-width: 768px) 100vw, 768px\" \/>\t\t\t\t\t\t\t\t\t\t\t\t\t\t\t<\/div>\n\t\t\t\t<\/div>\n\t\t\t\t\t<\/div>\n\t\t<\/div>\n\t\t\t\t\t\t\t<\/div>\n\t\t<\/section>\n\t\t\t\t\t<\/div>\n\t\t<\/div>\n\t\t\t\t\t\t\t<\/div>\n\t\t<\/section>\n\t\t\t\t\t\t\t<\/div>\n\t\t","protected":false},"excerpt":{"rendered":"<p>BOARD OF DIRECTORS Delfim Jos\u00e9 Leite Rocha Co-founder and Chief Executive Officer He holds a degree in Civil\/Geotechnical Engineering from the Federal University of Rio de Janeiro (UFRJ) and has specializations from COOPE\/UFRJ, Funda\u00e7\u00e3o Dom Cabral (FDC) in Economic Engineering, PUC\/RJ in Business Administration and Funda\u00e7\u00e3o Get\u00falio Vargas (FGV\/EAESP) with a Master&#8217;s degrees in Sustainability&hellip;<\/p>\n","protected":false},"author":1,"featured_media":0,"parent":0,"menu_order":0,"comment_status":"closed","ping_status":"closed","template":"","meta":{"footnotes":""},"class_list":["post-1249","page","type-page","status-publish","hentry"],"_links":{"self":[{"href":"https:\/\/ferreirarocha.com.br\/en\/wp-json\/wp\/v2\/pages\/1249","targetHints":{"allow":["GET"]}}],"collection":[{"href":"https:\/\/ferreirarocha.com.br\/en\/wp-json\/wp\/v2\/pages"}],"about":[{"href":"https:\/\/ferreirarocha.com.br\/en\/wp-json\/wp\/v2\/types\/page"}],"author":[{"embeddable":true,"href":"https:\/\/ferreirarocha.com.br\/en\/wp-json\/wp\/v2\/users\/1"}],"replies":[{"embeddable":true,"href":"https:\/\/ferreirarocha.com.br\/en\/wp-json\/wp\/v2\/comments?post=1249"}],"version-history":[{"count":40,"href":"https:\/\/ferreirarocha.com.br\/en\/wp-json\/wp\/v2\/pages\/1249\/revisions"}],"predecessor-version":[{"id":1996,"href":"https:\/\/ferreirarocha.com.br\/en\/wp-json\/wp\/v2\/pages\/1249\/revisions\/1996"}],"wp:attachment":[{"href":"https:\/\/ferreirarocha.com.br\/en\/wp-json\/wp\/v2\/media?parent=1249"}],"curies":[{"name":"wp","href":"https:\/\/api.w.org\/{rel}","templated":true}]}}