{"id":1293,"date":"2022-07-10T23:29:23","date_gmt":"2022-07-11T02:29:23","guid":{"rendered":"http:\/\/ferreirarocha.com.br\/?page_id=1293"},"modified":"2023-10-25T23:41:33","modified_gmt":"2023-10-26T02:41:33","slug":"estruturacao-elaboracao-e-implantacao-de-projetos","status":"publish","type":"page","link":"https:\/\/ferreirarocha.com.br\/en\/estruturacao-elaboracao-e-implantacao-de-projetos\/","title":{"rendered":"ESTRUTURA\u00c7\u00c3O, ELABORA\u00c7\u00c3O E IMPLANTA\u00c7\u00c3O DE PROJETOS"},"content":{"rendered":"\t\t<div data-elementor-type=\"wp-page\" data-elementor-id=\"1293\" class=\"elementor elementor-1293\">\n\t\t\t\t\t\t\t\t\t<section class=\"elementor-section elementor-top-section elementor-element elementor-element-0ffa1eb elementor-section-full_width elementor-section-stretched elementor-section-height-default elementor-section-height-default\" data-id=\"0ffa1eb\" data-element_type=\"section\" data-settings=\"{&quot;stretch_section&quot;:&quot;section-stretched&quot;,&quot;background_background&quot;:&quot;classic&quot;,&quot;shape_divider_bottom&quot;:&quot;opacity-tilt&quot;}\">\n\t\t\t\t\t\t\t<div class=\"elementor-background-overlay\"><\/div>\n\t\t\t\t\t\t<div class=\"elementor-shape elementor-shape-bottom\" data-negative=\"false\">\n\t\t\t<svg xmlns=\"http:\/\/www.w3.org\/2000\/svg\" viewBox=\"0 0 2600 131.1\" preserveAspectRatio=\"none\">\n\t<path class=\"elementor-shape-fill\" d=\"M0 0L2600 0 2600 69.1 0 0z\"\/>\n\t<path class=\"elementor-shape-fill\" style=\"opacity:0.5\" d=\"M0 0L2600 0 2600 69.1 0 69.1z\"\/>\n\t<path class=\"elementor-shape-fill\" style=\"opacity:0.25\" d=\"M2600 0L0 0 0 130.1 2600 69.1z\"\/>\n<\/svg>\t\t<\/div>\n\t\t\t\t\t<div class=\"elementor-container elementor-column-gap-default\">\n\t\t\t\t\t<div class=\"elementor-column elementor-col-100 elementor-top-column elementor-element elementor-element-4de6d78\" data-id=\"4de6d78\" data-element_type=\"column\">\n\t\t\t<div class=\"elementor-widget-wrap elementor-element-populated\">\n\t\t\t\t\t\t\t\t<div class=\"elementor-element elementor-element-e979255 elementor-widget elementor-widget-writing-effect-headline\" data-id=\"e979255\" data-element_type=\"widget\" data-widget_type=\"writing-effect-headline.default\">\n\t\t\t\t<div class=\"elementor-widget-container\">\n\t\t\t        <h3 class=\"futurio-extra-written-headline\" data-speed=\"110\" data-delay=\"2500\" data-loop=\"1\">\r\n                    <span class=\"before-written\">STRUCTURING, DEVELOPMENT, AND IMPLEMENTATION OF PROJECTS<\/span>\r\n        \r\n        \r\n                <\/h3>\r\n        \t\t<\/div>\n\t\t\t\t<\/div>\n\t\t\t\t<section class=\"elementor-section elementor-inner-section elementor-element elementor-element-4e85d4b elementor-section-boxed elementor-section-height-default elementor-section-height-default\" data-id=\"4e85d4b\" data-element_type=\"section\">\n\t\t\t\t\t\t<div class=\"elementor-container elementor-column-gap-default\">\n\t\t\t\t\t<div class=\"elementor-column elementor-col-100 elementor-inner-column elementor-element elementor-element-e3a04db\" data-id=\"e3a04db\" data-element_type=\"column\">\n\t\t\t<div class=\"elementor-widget-wrap elementor-element-populated\">\n\t\t\t\t\t\t\t\t<div class=\"elementor-element elementor-element-796051a elementor-widget elementor-widget-advanced-text-block\" data-id=\"796051a\" data-element_type=\"widget\" data-widget_type=\"advanced-text-block.default\">\n\t\t\t\t<div class=\"elementor-widget-container\">\n\t\t\t<div class=\"futurio_extra_adv_text_block \" ><div class=\"text-content-block\"><p>Our expertise in structuring, development, and implementation of projects is one of our key differentiators.<\/p><p>The work carried out in this unit includes:<\/p><\/div><\/div>\t\t<\/div>\n\t\t\t\t<\/div>\n\t\t\t\t<div class=\"elementor-element elementor-element-d2a230d elementor-widget elementor-widget-advanced-text-block\" data-id=\"d2a230d\" data-element_type=\"widget\" data-widget_type=\"advanced-text-block.default\">\n\t\t\t\t<div class=\"elementor-widget-container\">\n\t\t\t<div class=\"futurio_extra_adv_text_block \" ><div class=\"text-content-block\"><p><strong>\u00bb Monitoring and evaluation of negative risks and opportunities associated with the monitoring of Programs, Environmental Conditions, and various Commitment Terms;<\/strong><br \/><strong>\u00bb Strategic Relationship Plans with stakeholders;<\/strong><br \/><strong>\u00bb Socioeconomic Surveys and Monitoring<\/strong><\/p><\/div><\/div>\t\t<\/div>\n\t\t\t\t<\/div>\n\t\t\t\t\t<\/div>\n\t\t<\/div>\n\t\t\t\t\t\t\t<\/div>\n\t\t<\/section>\n\t\t\t\t\t<\/div>\n\t\t<\/div>\n\t\t\t\t\t\t\t<\/div>\n\t\t<\/section>\n\t\t\t\t<section class=\"elementor-section elementor-top-section elementor-element elementor-element-3e36e52 elementor-section-stretched elementor-section-boxed elementor-section-height-default elementor-section-height-default\" data-id=\"3e36e52\" data-element_type=\"section\" data-settings=\"{&quot;stretch_section&quot;:&quot;section-stretched&quot;,&quot;background_background&quot;:&quot;classic&quot;}\">\n\t\t\t\t\t\t<div class=\"elementor-container elementor-column-gap-default\">\n\t\t\t\t\t<div class=\"elementor-column elementor-col-100 elementor-top-column elementor-element elementor-element-bb7438a\" data-id=\"bb7438a\" data-element_type=\"column\">\n\t\t\t<div class=\"elementor-widget-wrap elementor-element-populated\">\n\t\t\t\t\t\t\t\t<div class=\"elementor-element elementor-element-b634106 elementor-widget elementor-widget-advanced-text-block\" data-id=\"b634106\" data-element_type=\"widget\" data-widget_type=\"advanced-text-block.default\">\n\t\t\t\t<div class=\"elementor-widget-container\">\n\t\t\t<div class=\"futurio_extra_adv_text_block \" ><div class=\"text-content-block\"><p style=\"text-align: center\"><strong>THINKING AND DOING DIFERENTLY<\/strong><\/p><\/div><\/div>\t\t<\/div>\n\t\t\t\t<\/div>\n\t\t\t\t\t<\/div>\n\t\t<\/div>\n\t\t\t\t\t\t\t<\/div>\n\t\t<\/section>\n\t\t\t\t\t\t\t<\/div>\n\t\t","protected":false},"excerpt":{"rendered":"<p>STRUCTURING, DEVELOPMENT, AND IMPLEMENTATION OF PROJECTS Our expertise in structuring, development, and implementation of projects is one of our key differentiators. The work carried out in this unit includes: \u00bb Monitoring and evaluation of negative risks and opportunities associated with the monitoring of Programs, Environmental Conditions, and various Commitment Terms;\u00bb Strategic Relationship Plans with stakeholders;\u00bb&hellip;<\/p>\n","protected":false},"author":1,"featured_media":0,"parent":0,"menu_order":0,"comment_status":"closed","ping_status":"closed","template":"","meta":{"footnotes":""},"class_list":["post-1293","page","type-page","status-publish","hentry"],"_links":{"self":[{"href":"https:\/\/ferreirarocha.com.br\/en\/wp-json\/wp\/v2\/pages\/1293","targetHints":{"allow":["GET"]}}],"collection":[{"href":"https:\/\/ferreirarocha.com.br\/en\/wp-json\/wp\/v2\/pages"}],"about":[{"href":"https:\/\/ferreirarocha.com.br\/en\/wp-json\/wp\/v2\/types\/page"}],"author":[{"embeddable":true,"href":"https:\/\/ferreirarocha.com.br\/en\/wp-json\/wp\/v2\/users\/1"}],"replies":[{"embeddable":true,"href":"https:\/\/ferreirarocha.com.br\/en\/wp-json\/wp\/v2\/comments?post=1293"}],"version-history":[{"count":14,"href":"https:\/\/ferreirarocha.com.br\/en\/wp-json\/wp\/v2\/pages\/1293\/revisions"}],"predecessor-version":[{"id":2010,"href":"https:\/\/ferreirarocha.com.br\/en\/wp-json\/wp\/v2\/pages\/1293\/revisions\/2010"}],"wp:attachment":[{"href":"https:\/\/ferreirarocha.com.br\/en\/wp-json\/wp\/v2\/media?parent=1293"}],"curies":[{"name":"wp","href":"https:\/\/api.w.org\/{rel}","templated":true}]}}